{"id":845,"date":"2022-04-19T07:33:51","date_gmt":"2022-04-19T07:33:51","guid":{"rendered":"https:\/\/client2.septembermedia.ro\/?page_id=845"},"modified":"2025-08-11T14:50:44","modified_gmt":"2025-08-11T14:50:44","slug":"rezumate","status":"publish","type":"page","link":"https:\/\/cnncongres2025.neuroexcelenta.ro\/en\/rezumate\/","title":{"rendered":"Abstracts"},"content":{"rendered":"<div data-elementor-type=\"wp-page\" data-elementor-id=\"845\" class=\"elementor elementor-845\" data-elementor-post-type=\"page\">\n\t\t\t\t<div class=\"elementor-element elementor-element-95f7a47 e-flex e-con-boxed e-con e-parent\" data-id=\"95f7a47\" data-element_type=\"container\" data-e-type=\"container\" data-settings=\"{&quot;background_background&quot;:&quot;classic&quot;}\">\n\t\t\t\t\t<div class=\"e-con-inner\">\n\t\t<div class=\"elementor-element elementor-element-0da1c24 e-con-full e-flex e-con e-child\" data-id=\"0da1c24\" data-element_type=\"container\" data-e-type=\"container\">\n\t\t\t\t<div class=\"elementor-element elementor-element-d16254a elementor-widget elementor-widget-heading\" data-id=\"d16254a\" data-element_type=\"widget\" data-e-type=\"widget\" data-widget_type=\"heading.default\">\n\t\t\t\t<div class=\"elementor-widget-container\">\n\t\t\t\t\t<h2 class=\"elementor-heading-title elementor-size-default\">Informa\u021bii redactare rezumate<\/h2>\t\t\t\t<\/div>\n\t\t\t\t<\/div>\n\t\t\t\t<div class=\"elementor-element elementor-element-7bb96ea elementor-widget elementor-widget-text-editor\" data-id=\"7bb96ea\" data-element_type=\"widget\" data-e-type=\"widget\" data-widget_type=\"text-editor.default\">\n\t\t\t\t<div class=\"elementor-widget-container\">\n\t\t\t\t\t\t\t\t\tTermen limit\u0103 trimitere rezumat: 15 septembrie 2025\t\t\t\t\t\t\t\t<\/div>\n\t\t\t\t<\/div>\n\t\t<div class=\"elementor-element elementor-element-6af229c e-con-full e-flex e-con e-child\" data-id=\"6af229c\" data-element_type=\"container\" data-e-type=\"container\">\n\t\t<div class=\"elementor-element elementor-element-e8b2e44 e-con-full e-flex e-con e-child\" data-id=\"e8b2e44\" data-element_type=\"container\" data-e-type=\"container\">\n\t\t\t\t<div class=\"elementor-element elementor-element-20429d7 elementor-view-default elementor-widget elementor-widget-icon\" data-id=\"20429d7\" data-element_type=\"widget\" data-e-type=\"widget\" data-widget_type=\"icon.default\">\n\t\t\t\t<div class=\"elementor-widget-container\">\n\t\t\t\t\t\t\t<div class=\"elementor-icon-wrapper\">\n\t\t\t<div class=\"elementor-icon\">\n\t\t\t<svg aria-hidden=\"true\" class=\"e-font-icon-svg e-far-arrow-alt-circle-down\" viewbox=\"0 0 512 512\" xmlns=\"http:\/\/www.w3.org\/2000\/svg\"><path d=\"M256 8C119 8 8 119 8 256s111 248 248 248 248-111 248-248S393 8 256 8zm0 448c-110.5 0-200-89.5-200-200S145.5 56 256 56s200 89.5 200 200-89.5 200-200 200zm-32-316v116h-67c-10.7 0-16 12.9-8.5 20.5l99 99c4.7 4.7 12.3 4.7 17 0l99-99c7.6-7.6 2.2-20.5-8.5-20.5h-67V140c0-6.6-5.4-12-12-12h-40c-6.6 0-12 5.4-12 12z\"><\/path><\/svg>\t\t\t<\/div>\n\t\t<\/div>\n\t\t\t\t\t\t<\/div>\n\t\t\t\t<\/div>\n\t\t\t\t<\/div>\n\t\t\t\t<\/div>\n\t\t\t\t<\/div>\n\t\t\t\t\t<\/div>\n\t\t\t\t<\/div>\n\t\t<div class=\"elementor-element elementor-element-563c03a e-flex e-con-boxed e-con e-parent\" data-id=\"563c03a\" data-element_type=\"container\" data-e-type=\"container\">\n\t\t\t\t\t<div class=\"e-con-inner\">\n\t\t<div class=\"elementor-element elementor-element-4a2ba9e e-con-full e-flex e-con e-child\" data-id=\"4a2ba9e\" data-element_type=\"container\" data-e-type=\"container\">\n\t\t\t\t<div class=\"elementor-element elementor-element-46302b3 elementor-widget elementor-widget-heading\" data-id=\"46302b3\" data-element_type=\"widget\" data-e-type=\"widget\" data-widget_type=\"heading.default\">\n\t\t\t\t<div class=\"elementor-widget-container\">\n\t\t\t\t\t<h2 class=\"elementor-heading-title elementor-size-default\">INSTRUCTIONS FOR WRITING ABSTRACTS<\/h2>\t\t\t\t<\/div>\n\t\t\t\t<\/div>\n\t\t<div class=\"elementor-element elementor-element-b6f2ea2 e-con-full e-flex e-con e-child\" data-id=\"b6f2ea2\" data-element_type=\"container\" data-e-type=\"container\">\n\t\t\t\t<div class=\"elementor-element elementor-element-2cc1773 elementor-widget elementor-widget-text-editor\" data-id=\"2cc1773\" data-element_type=\"widget\" data-e-type=\"widget\" data-widget_type=\"text-editor.default\">\n\t\t\t\t<div class=\"elementor-widget-container\">\n\t\t\t\t\t\t\t\t\tRezumatele (\u00een limba rom\u00e2n\u0103 \u0219i\/sau englez\u0103) redactate conform instruc\u021biunilor de mai jos, se vor trimite prin e-mail la adresa office@dimas.com.ro p\u00e2n\u0103 la data de 15 SEPTEMBRIE 2025. \t\t\t\t\t\t\t\t<\/div>\n\t\t\t\t<\/div>\n\t\t\t\t<div class=\"elementor-element elementor-element-ebe7339 elementor-widget elementor-widget-text-editor\" data-id=\"ebe7339\" data-element_type=\"widget\" data-e-type=\"widget\" data-widget_type=\"text-editor.default\">\n\t\t\t\t<div class=\"elementor-widget-container\">\n\t\t\t\t\t\t\t\t\tToate rezumatele vor fi verificate de Comitetul \u0218tiin\u021bific al CNN 2025, \u00eenainte de a fi\npublicate.\t\t\t\t\t\t\t\t<\/div>\n\t\t\t\t<\/div>\n\t\t\t\t<div class=\"elementor-element elementor-element-0333998 elementor-widget elementor-widget-text-editor\" data-id=\"0333998\" data-element_type=\"widget\" data-e-type=\"widget\" data-widget_type=\"text-editor.default\">\n\t\t\t\t<div class=\"elementor-widget-container\">\n\t\t\t\t\t\t\t\t\tRezumatele vor fi publicate \u00een Volumul de rezumate al CNN 2025 (volum cu ISSN). \t\t\t\t\t\t\t\t<\/div>\n\t\t\t\t<\/div>\n\t\t\t\t<\/div>\n\t\t\t\t<\/div>\n\t\t<div class=\"elementor-element elementor-element-9b08858 e-con-full e-flex e-con e-child\" data-id=\"9b08858\" data-element_type=\"container\" data-e-type=\"container\">\n\t\t\t\t<div class=\"elementor-element elementor-element-440ebde elementor-widget elementor-widget-heading\" data-id=\"440ebde\" data-element_type=\"widget\" data-e-type=\"widget\" data-widget_type=\"heading.default\">\n\t\t\t\t<div class=\"elementor-widget-container\">\n\t\t\t\t\t<h2 class=\"elementor-heading-title elementor-size-default\">GENERAL GUIDELINES<\/h2>\t\t\t\t<\/div>\n\t\t\t\t<\/div>\n\t\t<div class=\"elementor-element elementor-element-672fa9d e-con-full e-flex e-con e-child\" data-id=\"672fa9d\" data-element_type=\"container\" data-e-type=\"container\">\n\t\t\t\t<div class=\"elementor-element elementor-element-55737ad elementor-widget elementor-widget-text-editor\" data-id=\"55737ad\" data-element_type=\"widget\" data-e-type=\"widget\" data-widget_type=\"text-editor.default\">\n\t\t\t\t<div class=\"elementor-widget-container\">\n\t\t\t\t\t\t\t\t\t<ul>\n \t<li class=\"p1\"><b>NU vor fi editate materialele care contin gre\u0219eli de ortografie sau de titluri <\/b><b>formatate necorespunz\u0103tor. Este responsabilitatea solicitantului s\u0103 revizuiasc\u0103 \u0219i s\u0103 <\/b><b>verifice toate lucr\u0103rile trimise.<\/b><\/li>\n \t<li class=\"p1\">Abstracts must be submitted in Romanian or in English.<\/li>\n \t<li class=\"p1\">We recommend you to use word processing software (for example, Word) to edit the\nabstract.<\/li>\n \t<li class=\"p1\">The abstract must not contain graphics, tables, pictures or other types of figures.<\/li>\n \t<li class=\"p1\">Lectorul va trimite materialul numai dac\u0103 el sau un coautor se angajeaz\u0103 s\u0103 se \u00eenregistreze \u0219i s\u0103 participe la <span class=\"s3\">CNN 2024<\/span>, pentru a prezenta lucrarea.<\/li>\n \t<li class=\"p1\">There is no limit to the number of abstracts you may submit.<\/li>\n \t<li class=\"p1\">\u00cenregistrarea este obligatorie \u00een procesul de depunere. To\u021bi prezentatorii trebuie s\u0103 fie \u00eenscri\u0219i la eveniment p\u00e2n\u0103 la data de <span class=\"s4\"><b>24 SEPTEMBRIE 2025<\/b><\/span>, altfel rezumatul nu va fi inclus \u00een volumul de rezumate al<span class=\"s3\"> <b>CNN 2025<\/b><\/span> (<span class=\"s5\"><b>volum cu ISSN<\/b><\/span>).<\/li>\n \t<li class=\"p1\">\n<p class=\"p1\">Abstracts can be edited until the deadline for submission (September 20, 2024). After\nthat date, no changes regarding the content or the authors will be allowed. Edits may\ninclude changing the title, adding or deleting authors or changing the abstract body. Once\nthe review process begins, no changes are allowed; no exceptions.<\/p> \n<\/li> \n<\/ul>  \t\t\t\t\t\t\t\t<\/div>\n\t\t\t\t<\/div>\n\t\t\t\t<\/div>\n\t\t\t\t<\/div>\n\t\t<div class=\"elementor-element elementor-element-a391a61 e-con-full e-flex e-con e-child\" data-id=\"a391a61\" data-element_type=\"container\" data-e-type=\"container\">\n\t\t\t\t<div class=\"elementor-element elementor-element-edbe0af elementor-widget elementor-widget-heading\" data-id=\"edbe0af\" data-element_type=\"widget\" data-e-type=\"widget\" data-widget_type=\"heading.default\">\n\t\t\t\t<div class=\"elementor-widget-container\">\n\t\t\t\t\t<h2 class=\"elementor-heading-title elementor-size-default\">INFORMA\u021aII NECESARE PENTRU A FINALIZA TRIMITEREA UNUI REZUMAT:<\/h2>\t\t\t\t<\/div>\n\t\t\t\t<\/div>\n\t\t<div class=\"elementor-element elementor-element-20d920b e-con-full e-flex e-con e-child\" data-id=\"20d920b\" data-element_type=\"container\" data-e-type=\"container\">\n\t\t\t\t<div class=\"elementor-element elementor-element-1b213cd elementor-widget elementor-widget-text-editor\" data-id=\"1b213cd\" data-element_type=\"widget\" data-e-type=\"widget\" data-widget_type=\"text-editor.default\">\n\t\t\t\t<div class=\"elementor-widget-container\">\n\t\t\t\t\t\t\t\t\tMain Author \u2014 Individual who is submitting the abstract. All correspondence will be done\nwith the main author. \t\t\t\t\t\t\t\t<\/div>\n\t\t\t\t<\/div>\n\t\t\t\t<div class=\"elementor-element elementor-element-4e1320f elementor-widget elementor-widget-text-editor\" data-id=\"4e1320f\" data-element_type=\"widget\" data-e-type=\"widget\" data-widget_type=\"text-editor.default\">\n\t\t\t\t<div class=\"elementor-widget-container\">\n\t\t\t\t\t\t\t\t\t<p class=\"p1\">Title (no more than 30 words)<\/p><ul><li class=\"p1\"><p class=\"p1\">The title should be as short as possible, eloquently for the content of the presentation.<\/p><\/li><li class=\"p1\"><p class=\"p1\">Numele autorilor vor fi scrise cu prenume (precede numele de familie: prenumele autorilor masculini vor fi prescurtate, iar cele feminine se vor scrie f\u0103r\u0103 abreviere).<\/p><\/li><li class=\"p1\"><p class=\"p1\">The affiliation will include the institution (University, Faculty, Hospital, Department, Clinic) and accordingly the contact information (email address).<\/p><\/li><\/ul>\t\t\t\t\t\t\t\t<\/div>\n\t\t\t\t<\/div>\n\t\t\t\t<div class=\"elementor-element elementor-element-1fb7fdc elementor-widget elementor-widget-text-editor\" data-id=\"1fb7fdc\" data-element_type=\"widget\" data-e-type=\"widget\" data-widget_type=\"text-editor.default\">\n\t\t\t\t<div class=\"elementor-widget-container\">\n\t\t\t\t\t\t\t\t\t<p>Con\u021binut (maximum 350 de cuvinte) are \u00een vedere:<\/p><ul><li class=\"p1\"><p class=\"p1\">The Content of the abstract (maximum 350 words) covers:<\/p><\/li><li class=\"p1\"><p class=\"p1\">The key elements of each stage of the study<\/p><\/li><li class=\"p1\"><p class=\"p1\">The most important conclusions and their scientific significance.<\/p><\/li><li class=\"p1\"><p class=\"p1\">Keywords (up to five)<\/p><\/li><li class=\"p1\"><p class=\"p1\">List Authors - Up to 5 list authors can be included. Their full names with credentials, city and\nstate or country must be included.<\/p><\/li><\/ul>\t\t\t\t\t\t\t\t<\/div>\n\t\t\t\t<\/div>\n\t\t\t\t<div class=\"elementor-element elementor-element-fbe5b6e elementor-widget elementor-widget-text-editor\" data-id=\"fbe5b6e\" data-element_type=\"widget\" data-e-type=\"widget\" data-widget_type=\"text-editor.default\">\n\t\t\t\t<div class=\"elementor-widget-container\">\n\t\t\t\t\t\t\t\t\tThe subject of the study must be in line with the announced topic. If the author \/ authors wish\nto propose a topic with a different theme, he \/ she will communicate to the organizers the\nsummary with the mention: VARIA.\t\t\t\t\t\t\t\t<\/div>\n\t\t\t\t<\/div>\n\t\t\t\t<div class=\"elementor-element elementor-element-5cadb53 elementor-widget elementor-widget-text-editor\" data-id=\"5cadb53\" data-element_type=\"widget\" data-e-type=\"widget\" data-widget_type=\"text-editor.default\">\n\t\t\t\t<div class=\"elementor-widget-container\">\n\t\t\t\t\t\t\t\t\t<strong>Autorul care trimite un rezumat al unei lucr\u0103ri, trebuie s\u0103 aleag\u0103 unul dintre subiectele<\/strong>\n<strong>propuse \u00een tematic\u0103.<\/strong> \t\t\t\t\t\t\t\t<\/div>\n\t\t\t\t<\/div>\n\t\t\t\t<\/div>\n\t\t\t\t<\/div>\n\t\t<div class=\"elementor-element elementor-element-5da6598 e-con-full e-flex e-con e-child\" data-id=\"5da6598\" data-element_type=\"container\" data-e-type=\"container\">\n\t\t\t\t<div class=\"elementor-element elementor-element-1879c28 elementor-widget elementor-widget-heading\" data-id=\"1879c28\" data-element_type=\"widget\" data-e-type=\"widget\" data-widget_type=\"heading.default\">\n\t\t\t\t<div class=\"elementor-widget-container\">\n\t\t\t\t\t<h2 class=\"elementor-heading-title elementor-size-default\">DEADLINES AND IMPORTANT DATES<\/h2>\t\t\t\t<\/div>\n\t\t\t\t<\/div>\n\t\t<div class=\"elementor-element elementor-element-03023c2 e-con-full e-flex e-con e-child\" data-id=\"03023c2\" data-element_type=\"container\" data-e-type=\"container\">\n\t\t\t\t<div class=\"elementor-element elementor-element-a208a08 elementor-widget elementor-widget-text-editor\" data-id=\"a208a08\" data-element_type=\"widget\" data-e-type=\"widget\" data-widget_type=\"text-editor.default\">\n\t\t\t\t<div class=\"elementor-widget-container\">\n\t\t\t\t\t\t\t\t\t<ul><li class=\"p1\"><b>Trimitere rezumate \u2013 sesiune deschis\u0103 <\/b>\u2013<span class=\"s3\"><b> 20 IULIE 2025<\/b><\/span><\/li><li class=\"p1\"><b>Termenul limit\u0103 pentru depunerea rezumatelor<\/b> \u2013 <span class=\"s3\"><b>15 SEPTEMBRIE 2025<\/b><\/span><\/li><li class=\"p1\"><b>Termenul limit\u0103 pentru finalizarea \u00eenscrierii autorului care prezint\u0103 lucrarea<\/b> \u2013 <span class=\"s3\"><b>24 <\/b><\/span><b>SEPTEMBRIE 2025.<\/b><\/li><\/ul>\t\t\t\t\t\t\t\t<\/div>\n\t\t\t\t<\/div>\n\t\t\t\t<\/div>\n\t\t\t\t<\/div>\n\t\t<div class=\"elementor-element elementor-element-d2d3cec e-con-full e-flex e-con e-child\" data-id=\"d2d3cec\" data-element_type=\"container\" data-e-type=\"container\">\n\t\t\t\t<div class=\"elementor-element elementor-element-d2ad8a8 elementor-widget elementor-widget-heading\" data-id=\"d2ad8a8\" data-element_type=\"widget\" data-e-type=\"widget\" data-widget_type=\"heading.default\">\n\t\t\t\t<div class=\"elementor-widget-container\">\n\t\t\t\t\t<h2 class=\"elementor-heading-title elementor-size-default\">FORMAT GUIDELINES FOR THE PRESENTATIONS<\/h2>\t\t\t\t<\/div>\n\t\t\t\t<\/div>\n\t\t<div class=\"elementor-element elementor-element-cf0fcbd e-con-full e-flex e-con e-child\" data-id=\"cf0fcbd\" data-element_type=\"container\" data-e-type=\"container\">\n\t\t\t\t<div class=\"elementor-element elementor-element-2a15cbc elementor-widget elementor-widget-text-editor\" data-id=\"2a15cbc\" data-element_type=\"widget\" data-e-type=\"widget\" data-widget_type=\"text-editor.default\">\n\t\t\t\t<div class=\"elementor-widget-container\">\n\t\t\t\t\t\t\t\t\t<ul><li class=\"p1\"><p class=\"p1\">PowerPoint is the presentation programme available in all session halls.<\/p><\/li><li class=\"p1\"><p class=\"p1\">No other devices, personal computers etc. than the ones provided in the session halls are\nallowed for presentations.<\/p><\/li><li class=\"p1\"><p class=\"p1\">The PowerPoint handling and distribution system is optimised for MS PowerPoint 2016\n(Office 2016) and Adobe Acrobat-files (\u201c*.pdf\u201d). The uploading of \u201cDVD-Movies\u201d is\nnot supported.<\/p><\/li><li class=\"p1\"><p class=\"p1\">The supported data storage media are: CD, DVD (as Data-storage-medium) and USB-\nMemory (Stick). All needed files \u2013 also the movie files(!) \u2013 have to be on the datamedia.\nPresentations can also be taken off speakers\u2019 notebooks at the Speaker Ready Room.\nPlease make sure there is enough time for conversion.<\/p><\/li><li class=\"p1\"><p class=\"p1\">Format for embedded movies: \u201c*.mp4\u201d and \u201c*.wmv\u201d are preferred, any other format may work or may be converted to an optimised format (may take some time!)<\/p><\/li><li class=\"p1\"><p class=\"p1\">Fonturile care sunt folosite \u00een prezent\u0103ri trebuie s\u0103 fie fonturi latine. Dac\u0103 ave\u021bi nevoie de fonturi speciale, acestea ar trebui s\u0103 fie stocate ca \u201efonturi \u00eencorporate\u201d \u00eempreun\u0103 cu prezentarea. (Fi\u0219ier -&gt; salvare ca \u201enumele prezent\u0103rii\u201d \u0219i sub \u201einstrumente\u201d \u2192 op\u021biuni de salvare bifa\u021bi caseta de selectare \u201e\u00eencorpora\u021bi fonturi True type\u201d \u0219i selecta\u021bi \u201e\u00eencorpora\u021bi toate caracterele\u201c). C\u00e2nd utiliza\u021bi simboluri matematice, v\u0103 rug\u0103m s\u0103 utiliza\u021bi acestea care sunt disponibile sub fonturi latine (unicode sau DOS: Europa de Vest).<\/p><\/li><li class=\"p1\"><p class=\"p1\">Prezent\u0103rile ar trebui s\u0103 fie salvate ca \u201e*.ppt\u201c, \u201e*.pptx\u201d (= PowerPoint) sau \u201e*.pps\u201c \u201e*.ppsx\u201c(=PowerPoint Slideshow) \u2013 fi\u0219ierul \u0219i filmele pot fi fi\u0219iere separate pe mediul de date (dac\u0103 nu este \u00eencorporat).<\/p><\/li><\/ul>\t\t\t\t\t\t\t\t<\/div>\n\t\t\t\t<\/div>\n\t\t\t\t<div class=\"elementor-element elementor-element-d89b76b elementor-widget elementor-widget-text-editor\" data-id=\"d89b76b\" data-element_type=\"widget\" data-e-type=\"widget\" data-widget_type=\"text-editor.default\">\n\t\t\t\t<div class=\"elementor-widget-container\">\n\t\t\t\t\t\t\t\t\t<strong>V\u0103 rug\u0103m s\u0103 respecta\u021bi aceste specifica\u021bii de mai sus pentru a avea o prezentare bine<\/strong> <strong>preg\u0103tit\u0103!\u00a0<\/strong> \t\t\t\t\t\t\t\t<\/div>\n\t\t\t\t<\/div>\n\t\t\t\t<div class=\"elementor-element elementor-element-3263e8d elementor-widget elementor-widget-text-editor\" data-id=\"3263e8d\" data-element_type=\"widget\" data-e-type=\"widget\" data-widget_type=\"text-editor.default\">\n\t\t\t\t<div class=\"elementor-widget-container\">\n\t\t\t\t\t\t\t\t\t<strong>V\u0103 mul\u021bumim pentru participarea dvs. activ\u0103 la programul CNN 2025!<\/strong> \t\t\t\t\t\t\t\t<\/div>\n\t\t\t\t<\/div>\n\t\t\t\t<\/div>\n\t\t\t\t<\/div>\n\t\t\t\t\t<\/div>\n\t\t\t\t<\/div>\n\t\t\t\t<\/div>","protected":false},"excerpt":{"rendered":"<p>Informa\u021bii redactare rezumate Termen limit\u0103 trimitere rezumat: 15 septembrie 2025 INSTRUC\u021aIUNI PENTRU REDACTAREA REZUMATELOR Rezumatele (\u00een limba rom\u00e2n\u0103 \u0219i\/sau englez\u0103) redactate conform instruc\u021biunilor de mai jos, se vor trimite prin e-mail la adresa office@dimas.com.ro p\u00e2n\u0103 la data de 15 SEPTEMBRIE 2025. Toate rezumatele vor fi verificate de Comitetul \u0218tiin\u021bific al CNN 2025, \u00eenainte de a [&hellip;]<\/p>","protected":false},"author":1,"featured_media":0,"parent":0,"menu_order":0,"comment_status":"closed","ping_status":"closed","template":"","meta":{"footnotes":""},"class_list":["post-845","page","type-page","status-publish","hentry"],"_links":{"self":[{"href":"https:\/\/cnncongres2025.neuroexcelenta.ro\/en\/wp-json\/wp\/v2\/pages\/845","targetHints":{"allow":["GET"]}}],"collection":[{"href":"https:\/\/cnncongres2025.neuroexcelenta.ro\/en\/wp-json\/wp\/v2\/pages"}],"about":[{"href":"https:\/\/cnncongres2025.neuroexcelenta.ro\/en\/wp-json\/wp\/v2\/types\/page"}],"author":[{"embeddable":true,"href":"https:\/\/cnncongres2025.neuroexcelenta.ro\/en\/wp-json\/wp\/v2\/users\/1"}],"replies":[{"embeddable":true,"href":"https:\/\/cnncongres2025.neuroexcelenta.ro\/en\/wp-json\/wp\/v2\/comments?post=845"}],"version-history":[{"count":107,"href":"https:\/\/cnncongres2025.neuroexcelenta.ro\/en\/wp-json\/wp\/v2\/pages\/845\/revisions"}],"predecessor-version":[{"id":4421,"href":"https:\/\/cnncongres2025.neuroexcelenta.ro\/en\/wp-json\/wp\/v2\/pages\/845\/revisions\/4421"}],"wp:attachment":[{"href":"https:\/\/cnncongres2025.neuroexcelenta.ro\/en\/wp-json\/wp\/v2\/media?parent=845"}],"curies":[{"name":"wp","href":"https:\/\/api.w.org\/{rel}","templated":true}]}}