{"id":532,"date":"2022-04-14T09:42:56","date_gmt":"2022-04-14T09:42:56","guid":{"rendered":"https:\/\/client2.septembermedia.ro\/?page_id=532"},"modified":"2025-07-10T15:49:22","modified_gmt":"2025-07-10T15:49:22","slug":"taxe-inregistrare","status":"publish","type":"page","link":"https:\/\/cnncongres2025.neuroexcelenta.ro\/en\/taxe-inregistrare\/","title":{"rendered":"Registration Fees"},"content":{"rendered":"<div data-elementor-type=\"wp-page\" data-elementor-id=\"532\" class=\"elementor elementor-532\" data-elementor-post-type=\"page\">\n\t\t\t\t<div class=\"elementor-element elementor-element-e16ca91 e-flex e-con-boxed e-con e-parent\" data-id=\"e16ca91\" data-element_type=\"container\" data-e-type=\"container\" data-settings=\"{&quot;background_background&quot;:&quot;classic&quot;}\">\n\t\t\t\t\t<div class=\"e-con-inner\">\n\t\t<div class=\"elementor-element elementor-element-9f47695 e-con-full e-flex e-con e-child\" data-id=\"9f47695\" data-element_type=\"container\" data-e-type=\"container\">\n\t\t\t\t<div class=\"elementor-element elementor-element-bb5c300 elementor-widget elementor-widget-heading\" data-id=\"bb5c300\" data-element_type=\"widget\" data-e-type=\"widget\" data-widget_type=\"heading.default\">\n\t\t\t\t<div class=\"elementor-widget-container\">\n\t\t\t\t\t<h2 class=\"elementor-heading-title elementor-size-default\">Registration Fees<\/h2>\t\t\t\t<\/div>\n\t\t\t\t<\/div>\n\t\t<div class=\"elementor-element elementor-element-f7546e5 e-con-full e-flex e-con e-child\" data-id=\"f7546e5\" data-element_type=\"container\" data-e-type=\"container\">\n\t\t<div class=\"elementor-element elementor-element-45167d8 e-con-full e-flex e-con e-child\" data-id=\"45167d8\" data-element_type=\"container\" data-e-type=\"container\">\n\t\t\t\t<div class=\"elementor-element elementor-element-34160e4 elementor-view-default elementor-widget elementor-widget-icon\" data-id=\"34160e4\" data-element_type=\"widget\" data-e-type=\"widget\" data-widget_type=\"icon.default\">\n\t\t\t\t<div class=\"elementor-widget-container\">\n\t\t\t\t\t\t\t<div class=\"elementor-icon-wrapper\">\n\t\t\t<div class=\"elementor-icon\">\n\t\t\t<svg aria-hidden=\"true\" class=\"e-font-icon-svg e-far-arrow-alt-circle-down\" viewbox=\"0 0 512 512\" xmlns=\"http:\/\/www.w3.org\/2000\/svg\"><path d=\"M256 8C119 8 8 119 8 256s111 248 248 248 248-111 248-248S393 8 256 8zm0 448c-110.5 0-200-89.5-200-200S145.5 56 256 56s200 89.5 200 200-89.5 200-200 200zm-32-316v116h-67c-10.7 0-16 12.9-8.5 20.5l99 99c4.7 4.7 12.3 4.7 17 0l99-99c7.6-7.6 2.2-20.5-8.5-20.5h-67V140c0-6.6-5.4-12-12-12h-40c-6.6 0-12 5.4-12 12z\"><\/path><\/svg>\t\t\t<\/div>\n\t\t<\/div>\n\t\t\t\t\t\t<\/div>\n\t\t\t\t<\/div>\n\t\t\t\t<\/div>\n\t\t\t\t<\/div>\n\t\t\t\t<\/div>\n\t\t\t\t\t<\/div>\n\t\t\t\t<\/div>\n\t\t<div class=\"elementor-element elementor-element-45a993d e-flex e-con-boxed e-con e-parent\" data-id=\"45a993d\" data-element_type=\"container\" data-e-type=\"container\" data-settings=\"{&quot;background_background&quot;:&quot;classic&quot;}\">\n\t\t\t\t\t<div class=\"e-con-inner\">\n\t\t<div class=\"elementor-element elementor-element-94027ef e-con-full e-flex e-con e-child\" data-id=\"94027ef\" data-element_type=\"container\" data-e-type=\"container\">\n\t\t\t\t<div class=\"elementor-element elementor-element-2db0129 elementor-widget elementor-widget-text-editor\" data-id=\"2db0129\" data-element_type=\"widget\" data-e-type=\"widget\" data-widget_type=\"text-editor.default\">\n\t\t\t\t<div class=\"elementor-widget-container\">\n\t\t\t\t\t\t\t\t\t<strong>Early Bird registration deadline:<\/strong>: 15.08.2025.\t\t\t\t\t\t\t\t<\/div>\n\t\t\t\t<\/div>\n\t\t\t\t<\/div>\n\t\t\t\t\t<\/div>\n\t\t\t\t<\/div>\n\t\t<div class=\"elementor-element elementor-element-61cce73 e-flex e-con-boxed e-con e-parent\" data-id=\"61cce73\" data-element_type=\"container\" data-e-type=\"container\">\n\t\t\t\t\t<div class=\"e-con-inner\">\n\t\t<div class=\"elementor-element elementor-element-c6938b2 e-con-full e-flex e-con e-child\" data-id=\"c6938b2\" data-element_type=\"container\" data-e-type=\"container\">\n\t\t<div class=\"elementor-element elementor-element-563c118 e-flex e-con-boxed e-con e-child\" data-id=\"563c118\" data-element_type=\"container\" data-e-type=\"container\">\n\t\t\t\t\t<div class=\"e-con-inner\">\n\t\t\t\t<div class=\"elementor-element elementor-element-9c493a8 elementor-widget elementor-widget-text-editor\" data-id=\"9c493a8\" data-element_type=\"widget\" data-e-type=\"widget\" data-widget_type=\"text-editor.default\">\n\t\t\t\t<div class=\"elementor-widget-container\">\n\t\t\t\t\t\t\t\t\t<strong>Bilet Early Bird\u00a0<\/strong> \t\t\t\t\t\t\t\t<\/div>\n\t\t\t\t<\/div>\n\t\t\t\t<div class=\"elementor-element elementor-element-c84d0c7 elementor-widget elementor-widget-text-editor\" data-id=\"c84d0c7\" data-element_type=\"widget\" data-e-type=\"widget\" data-widget_type=\"text-editor.default\">\n\t\t\t\t<div class=\"elementor-widget-container\">\n\t\t\t\t\t\t\t\t\t(p\u00e2n\u0103 pe 15.08.2025)\t\t\t\t\t\t\t\t<\/div>\n\t\t\t\t<\/div>\n\t\t\t\t\t<\/div>\n\t\t\t\t<\/div>\n\t\t<div class=\"elementor-element elementor-element-0ca4ef4 e-flex e-con-boxed e-con e-child\" data-id=\"0ca4ef4\" data-element_type=\"container\" data-e-type=\"container\">\n\t\t\t\t\t<div class=\"e-con-inner\">\n\t\t\t\t<div class=\"elementor-element elementor-element-11b4327 elementor-widget elementor-widget-text-editor\" data-id=\"11b4327\" data-element_type=\"widget\" data-e-type=\"widget\" data-widget_type=\"text-editor.default\">\n\t\t\t\t<div class=\"elementor-widget-container\">\n\t\t\t\t\t\t\t\t\tPhysicians:<br>\n800 lei\t\t\t\t\t\t\t\t<\/div>\n\t\t\t\t<\/div>\n\t\t\t\t<div class=\"elementor-element elementor-element-6bed386 elementor-widget elementor-widget-text-editor\" data-id=\"6bed386\" data-element_type=\"widget\" data-e-type=\"widget\" data-widget_type=\"text-editor.default\">\n\t\t\t\t<div class=\"elementor-widget-container\">\n\t\t\t\t\t\t\t\t\tResidents:<br>\n300 lei\t\t\t\t\t\t\t\t<\/div>\n\t\t\t\t<\/div>\n\t\t\t\t<div class=\"elementor-element elementor-element-b335ddb elementor-widget elementor-widget-text-editor\" data-id=\"b335ddb\" data-element_type=\"widget\" data-e-type=\"widget\" data-widget_type=\"text-editor.default\">\n\t\t\t\t<div class=\"elementor-widget-container\">\n\t\t\t\t\t\t\t\t\tStudent:<br>\ngratuit\t\t\t\t\t\t\t\t<\/div>\n\t\t\t\t<\/div>\n\t\t\t\t<div class=\"elementor-element elementor-element-185077e elementor-widget elementor-widget-text-editor\" data-id=\"185077e\" data-element_type=\"widget\" data-e-type=\"widget\" data-widget_type=\"text-editor.default\">\n\t\t\t\t<div class=\"elementor-widget-container\">\n\t\t\t\t\t\t\t\t\tNutri\u021bionist, Dietetician:<br> \n250 lei\t\t\t\t\t\t\t\t<\/div>\n\t\t\t\t<\/div>\n\t\t\t\t<div class=\"elementor-element elementor-element-e75dcf4 elementor-widget elementor-widget-text-editor\" data-id=\"e75dcf4\" data-element_type=\"widget\" data-e-type=\"widget\" data-widget_type=\"text-editor.default\">\n\t\t\t\t<div class=\"elementor-widget-container\">\n\t\t\t\t\t\t\t\t\tAsistent Medical, Bioinginer, Fizician Medical:<br>\n150 lei\t\t\t\t\t\t\t\t<\/div>\n\t\t\t\t<\/div>\n\t\t\t\t<div class=\"elementor-element elementor-element-7a44cef elementor-widget elementor-widget-text-editor\" data-id=\"7a44cef\" data-element_type=\"widget\" data-e-type=\"widget\" data-widget_type=\"text-editor.default\">\n\t\t\t\t<div class=\"elementor-widget-container\">\n\t\t\t\t\t\t\t\t\tOther categories:<br>\n350 lei\t\t\t\t\t\t\t\t<\/div>\n\t\t\t\t<\/div>\n\t\t\t\t\t<\/div>\n\t\t\t\t<\/div>\n\t\t\t\t<\/div>\n\t\t<div class=\"elementor-element elementor-element-6fcf12b e-con-full e-flex e-con e-child\" data-id=\"6fcf12b\" data-element_type=\"container\" data-e-type=\"container\">\n\t\t<div class=\"elementor-element elementor-element-38de913 e-flex e-con-boxed e-con e-child\" data-id=\"38de913\" data-element_type=\"container\" data-e-type=\"container\">\n\t\t\t\t\t<div class=\"e-con-inner\">\n\t\t\t\t<div class=\"elementor-element elementor-element-9b1b7e6 elementor-widget elementor-widget-text-editor\" data-id=\"9b1b7e6\" data-element_type=\"widget\" data-e-type=\"widget\" data-widget_type=\"text-editor.default\">\n\t\t\t\t<div class=\"elementor-widget-container\">\n\t\t\t\t\t\t\t\t\t<strong>Regular<\/strong>\t\t\t\t\t\t\t\t<\/div>\n\t\t\t\t<\/div>\n\t\t\t\t<div class=\"elementor-element elementor-element-f1d734b elementor-widget elementor-widget-text-editor\" data-id=\"f1d734b\" data-element_type=\"widget\" data-e-type=\"widget\" data-widget_type=\"text-editor.default\">\n\t\t\t\t<div class=\"elementor-widget-container\">\n\t\t\t\t\t\t\t\t\t(p\u00e2n\u0103 pe 15.09.2025)\t\t\t\t\t\t\t\t<\/div>\n\t\t\t\t<\/div>\n\t\t\t\t\t<\/div>\n\t\t\t\t<\/div>\n\t\t<div class=\"elementor-element elementor-element-2a7f58a e-flex e-con-boxed e-con e-child\" data-id=\"2a7f58a\" data-element_type=\"container\" data-e-type=\"container\">\n\t\t\t\t\t<div class=\"e-con-inner\">\n\t\t\t\t<div class=\"elementor-element elementor-element-da6b8f5 elementor-widget elementor-widget-text-editor\" data-id=\"da6b8f5\" data-element_type=\"widget\" data-e-type=\"widget\" data-widget_type=\"text-editor.default\">\n\t\t\t\t<div class=\"elementor-widget-container\">\n\t\t\t\t\t\t\t\t\tPhysicians:<br>1.000 lei\t\t\t\t\t\t\t\t<\/div>\n\t\t\t\t<\/div>\n\t\t\t\t<div class=\"elementor-element elementor-element-7fe7663 elementor-widget elementor-widget-text-editor\" data-id=\"7fe7663\" data-element_type=\"widget\" data-e-type=\"widget\" data-widget_type=\"text-editor.default\">\n\t\t\t\t<div class=\"elementor-widget-container\">\n\t\t\t\t\t\t\t\t\tResidents:<br>\n400 lei\t\t\t\t\t\t\t\t<\/div>\n\t\t\t\t<\/div>\n\t\t\t\t<div class=\"elementor-element elementor-element-71437fe elementor-widget elementor-widget-text-editor\" data-id=\"71437fe\" data-element_type=\"widget\" data-e-type=\"widget\" data-widget_type=\"text-editor.default\">\n\t\t\t\t<div class=\"elementor-widget-container\">\n\t\t\t\t\t\t\t\t\tStudent:<br>\n150 lei\t\t\t\t\t\t\t\t<\/div>\n\t\t\t\t<\/div>\n\t\t\t\t<div class=\"elementor-element elementor-element-fb3e103 elementor-widget elementor-widget-text-editor\" data-id=\"fb3e103\" data-element_type=\"widget\" data-e-type=\"widget\" data-widget_type=\"text-editor.default\">\n\t\t\t\t<div class=\"elementor-widget-container\">\n\t\t\t\t\t\t\t\t\tNutri\u021bionist, Dietetician:<br> \n300 lei\t\t\t\t\t\t\t\t<\/div>\n\t\t\t\t<\/div>\n\t\t\t\t<div class=\"elementor-element elementor-element-59d8661 elementor-widget elementor-widget-text-editor\" data-id=\"59d8661\" data-element_type=\"widget\" data-e-type=\"widget\" data-widget_type=\"text-editor.default\">\n\t\t\t\t<div class=\"elementor-widget-container\">\n\t\t\t\t\t\t\t\t\tAsistent Medical, Bioinginer, Fizician Medical:<br> \n200 lei\t\t\t\t\t\t\t\t<\/div>\n\t\t\t\t<\/div>\n\t\t\t\t<div class=\"elementor-element elementor-element-a79e0b7 elementor-widget elementor-widget-text-editor\" data-id=\"a79e0b7\" data-element_type=\"widget\" data-e-type=\"widget\" data-widget_type=\"text-editor.default\">\n\t\t\t\t<div class=\"elementor-widget-container\">\n\t\t\t\t\t\t\t\t\tOther categories:<br>\n450 lei\t\t\t\t\t\t\t\t<\/div>\n\t\t\t\t<\/div>\n\t\t\t\t\t<\/div>\n\t\t\t\t<\/div>\n\t\t\t\t<\/div>\n\t\t<div class=\"elementor-element elementor-element-0fb98de e-con-full e-flex e-con e-child\" data-id=\"0fb98de\" data-element_type=\"container\" data-e-type=\"container\">\n\t\t<div class=\"elementor-element elementor-element-4ddab57 e-flex e-con-boxed e-con e-child\" data-id=\"4ddab57\" data-element_type=\"container\" data-e-type=\"container\">\n\t\t\t\t\t<div class=\"e-con-inner\">\n\t\t\t\t<div class=\"elementor-element elementor-element-4ca4f1b elementor-widget elementor-widget-text-editor\" data-id=\"4ca4f1b\" data-element_type=\"widget\" data-e-type=\"widget\" data-widget_type=\"text-editor.default\">\n\t\t\t\t<div class=\"elementor-widget-container\">\n\t\t\t\t\t\t\t\t\t<strong>Late<\/strong>\t\t\t\t\t\t\t\t<\/div>\n\t\t\t\t<\/div>\n\t\t\t\t<div class=\"elementor-element elementor-element-a3f9060 elementor-widget elementor-widget-text-editor\" data-id=\"a3f9060\" data-element_type=\"widget\" data-e-type=\"widget\" data-widget_type=\"text-editor.default\">\n\t\t\t\t<div class=\"elementor-widget-container\">\n\t\t\t\t\t\t\t\t\t(dup\u0103 15.09.2025)\t\t\t\t\t\t\t\t<\/div>\n\t\t\t\t<\/div>\n\t\t\t\t\t<\/div>\n\t\t\t\t<\/div>\n\t\t<div class=\"elementor-element elementor-element-39da33e e-flex e-con-boxed e-con e-child\" data-id=\"39da33e\" data-element_type=\"container\" data-e-type=\"container\">\n\t\t\t\t\t<div class=\"e-con-inner\">\n\t\t\t\t<div class=\"elementor-element elementor-element-909d670 elementor-widget elementor-widget-text-editor\" data-id=\"909d670\" data-element_type=\"widget\" data-e-type=\"widget\" data-widget_type=\"text-editor.default\">\n\t\t\t\t<div class=\"elementor-widget-container\">\n\t\t\t\t\t\t\t\t\tPhysicians:<br> 1.200 lei\t\t\t\t\t\t\t\t<\/div>\n\t\t\t\t<\/div>\n\t\t\t\t<div class=\"elementor-element elementor-element-40a638f elementor-widget elementor-widget-text-editor\" data-id=\"40a638f\" data-element_type=\"widget\" data-e-type=\"widget\" data-widget_type=\"text-editor.default\">\n\t\t\t\t<div class=\"elementor-widget-container\">\n\t\t\t\t\t\t\t\t\tResidents:<br>\n500 lei\t\t\t\t\t\t\t\t<\/div>\n\t\t\t\t<\/div>\n\t\t\t\t<div class=\"elementor-element elementor-element-4485cca elementor-widget elementor-widget-text-editor\" data-id=\"4485cca\" data-element_type=\"widget\" data-e-type=\"widget\" data-widget_type=\"text-editor.default\">\n\t\t\t\t<div class=\"elementor-widget-container\">\n\t\t\t\t\t\t\t\t\tStudent:<br> \n200 lei\t\t\t\t\t\t\t\t<\/div>\n\t\t\t\t<\/div>\n\t\t\t\t<div class=\"elementor-element elementor-element-78c0da3 elementor-widget elementor-widget-text-editor\" data-id=\"78c0da3\" data-element_type=\"widget\" data-e-type=\"widget\" data-widget_type=\"text-editor.default\">\n\t\t\t\t<div class=\"elementor-widget-container\">\n\t\t\t\t\t\t\t\t\tNutri\u021bionist, Dietetician:<br> \n350 lei\t\t\t\t\t\t\t\t<\/div>\n\t\t\t\t<\/div>\n\t\t\t\t<div class=\"elementor-element elementor-element-2fa076e elementor-widget elementor-widget-text-editor\" data-id=\"2fa076e\" data-element_type=\"widget\" data-e-type=\"widget\" data-widget_type=\"text-editor.default\">\n\t\t\t\t<div class=\"elementor-widget-container\">\n\t\t\t\t\t\t\t\t\tAsistent Medical, Bioinginer, Fizician Medical:<br>\n250 lei\t\t\t\t\t\t\t\t<\/div>\n\t\t\t\t<\/div>\n\t\t\t\t<div class=\"elementor-element elementor-element-4b62d19 elementor-widget elementor-widget-text-editor\" data-id=\"4b62d19\" data-element_type=\"widget\" data-e-type=\"widget\" data-widget_type=\"text-editor.default\">\n\t\t\t\t<div class=\"elementor-widget-container\">\n\t\t\t\t\t\t\t\t\tOther categories:<br> \n550 lei\t\t\t\t\t\t\t\t<\/div>\n\t\t\t\t<\/div>\n\t\t\t\t\t<\/div>\n\t\t\t\t<\/div>\n\t\t\t\t<\/div>\n\t\t\t\t\t<\/div>\n\t\t\t\t<\/div>\n\t\t<div class=\"elementor-element elementor-element-f81cf29 e-flex e-con-boxed e-con e-parent\" data-id=\"f81cf29\" data-element_type=\"container\" data-e-type=\"container\" data-settings=\"{&quot;background_background&quot;:&quot;classic&quot;}\">\n\t\t\t\t\t<div class=\"e-con-inner\">\n\t\t<div class=\"elementor-element elementor-element-20c7ccd e-con-full e-flex e-con e-child\" data-id=\"20c7ccd\" data-element_type=\"container\" data-e-type=\"container\">\n\t\t\t\t<div class=\"elementor-element elementor-element-5ad1d73 elementor-widget elementor-widget-text-editor\" data-id=\"5ad1d73\" data-element_type=\"widget\" data-e-type=\"widget\" data-widget_type=\"text-editor.default\">\n\t\t\t\t<div class=\"elementor-widget-container\">\n\t\t\t\t\t\t\t\t\t<strong>REGISTRATION FEE INCLUDES:<\/strong>:\t\t\t\t\t\t\t\t<\/div>\n\t\t\t\t<\/div>\n\t\t\t\t<div class=\"elementor-element elementor-element-aca2921 elementor-widget elementor-widget-text-editor\" data-id=\"aca2921\" data-element_type=\"widget\" data-e-type=\"widget\" data-widget_type=\"text-editor.default\">\n\t\t\t\t<div class=\"elementor-widget-container\">\n\t\t\t\t\t\t\t\t\t<ul><li><p class=\"p1\"><b>Accesul FIZIC \u0219i ONLINE<\/b> la sesiunile \u0219tiin\u021bifice ale evenimentului;<\/p><\/li><li><p class=\"p1\"><b>Accesul FIZIC<\/b> la cursuri<\/p><\/li><li><p class=\"p1\"><b>Accesul \u00een zona expozi\u021bional\u0103<\/b> a evenimentului (zona de stand-uri ale partenerilor);<\/p><\/li><li><p class=\"p1\"><b>Geanta<\/b> cu materialele evenimentului (doar pentru participan\u021bii prezen\u021bi fizic);<\/p><\/li><li><p class=\"p1\"><b>E-book<\/b>: volumul de rezumate \u00een format online, produs downloadabil de pe site-ul evenimentului;<\/p><\/li><li><p class=\"p1\"><b>Programul final<\/b> \u00een format tip\u0103rit \u0219i online, produs downloadabil de pe site-ul evenimentului;<\/p><\/li><li><p class=\"p1\"><b>Accesul la pauzele de revigorare<\/b> (pauzele de cafea);<\/p><\/li><li><p class=\"p1\"><b>Oportunitate de Networking<\/b> de elit\u0103;<\/p><\/li><li><p class=\"p1\"><b>Participare la Recep\u021bia de Bun Venit<\/b>;<\/p><\/li><li><p class=\"p1\"><b>Certificate of attendance<\/b> \u00een format electronic cu credite EMC din partea Colegiului Medicilor din Rom\u00e2nia, emis dup\u0103 \u020bncheierea lucr\u0103rilor evenimentului, transmis prin e-mail;<\/p><p class=\"p1\">\u00a0<\/p><\/li><li><p class=\"p1\"><b>Certificate of attendance<\/b> \u00een format electronic f\u0103r\u0103 credite EMC, emis dup\u0103 \u020bncheierea lucr\u0103rilor evenimentului, transmis prin e-mail;<\/p><\/li><li><p class=\"p1\"><b>Diverse materiale promo\u021bionale<\/b> de la partenerii evenimentului (doar pentru participan\u021bii prezen\u021bi fizic);<\/p><\/li><li><p class=\"p1\"><b>Accesul post-eveniment<\/b> la sesiunile principale \u00eenregistrate a celei de a VII-a edi\u021bii aevenimentului.<\/p><\/li><\/ul>\t\t\t\t\t\t\t\t<\/div>\n\t\t\t\t<\/div>\n\t\t\t\t<\/div>\n\t\t<div class=\"elementor-element elementor-element-efa847d e-con-full e-flex e-con e-child\" data-id=\"efa847d\" data-element_type=\"container\" data-e-type=\"container\" data-settings=\"{&quot;background_background&quot;:&quot;classic&quot;}\">\n\t\t\t\t<div class=\"elementor-element elementor-element-d4d43d5 elementor-widget elementor-widget-text-editor\" data-id=\"d4d43d5\" data-element_type=\"widget\" data-e-type=\"widget\" data-widget_type=\"text-editor.default\">\n\t\t\t\t<div class=\"elementor-widget-container\">\n\t\t\t\t\t\t\t\t\t<strong>ATTENTION!<\/strong>:\t\t\t\t\t\t\t\t<\/div>\n\t\t\t\t<\/div>\n\t\t\t\t<div class=\"elementor-element elementor-element-cc4ad39 elementor-widget elementor-widget-text-editor\" data-id=\"cc4ad39\" data-element_type=\"widget\" data-e-type=\"widget\" data-widget_type=\"text-editor.default\">\n\t\t\t\t<div class=\"elementor-widget-container\">\n\t\t\t\t\t\t\t\t\t<ul><li><p class=\"p1\">Access for all the participants is permitted only based on the Participant Badge\nwhich can be picked up from the Registration Desk.<\/p><\/li><li><p class=\"p1\">In case a participant doesn\u2019t present the participant badge, the organizers have\nthe right to restrict his\/her access to the event.<\/p><\/li><li><p class=\"p1\">Participan\u021bii \u00ee\u0219i vor alege locurile \u00een func\u021bie de criterial <b>\u201eprimul venit, primul <\/b><b>servit\u201d<\/b>. Prin urmare, v\u0103 recomand\u0103m s\u0103 planifica\u021bi o sosire din timp \u00een sala de sesiuni \u0219tiin\u021bifice.<\/p><\/li><\/ul>\t\t\t\t\t\t\t\t<\/div>\n\t\t\t\t<\/div>\n\t\t\t\t<\/div>\n\t\t\t\t\t<\/div>\n\t\t\t\t<\/div>\n\t\t\t\t<section class=\"elementor-section elementor-top-section elementor-element elementor-element-5ab5ccd elementor-section-boxed elementor-section-height-default elementor-section-height-default\" data-id=\"5ab5ccd\" data-element_type=\"section\" data-e-type=\"section\">\n\t\t\t\t\t\t<div class=\"elementor-container elementor-column-gap-default\">\n\t\t\t\t\t<div class=\"elementor-column elementor-col-50 elementor-top-column elementor-element elementor-element-c0b4df0\" data-id=\"c0b4df0\" data-element_type=\"column\" data-e-type=\"column\">\n\t\t\t<div class=\"elementor-widget-wrap elementor-element-populated\">\n\t\t\t\t\t\t<div class=\"elementor-element elementor-element-fd3eae0 elementor-widget elementor-widget-text-editor\" data-id=\"fd3eae0\" data-element_type=\"widget\" data-e-type=\"widget\" data-widget_type=\"text-editor.default\">\n\t\t\t\t<div class=\"elementor-widget-container\">\n\t\t\t\t\t\t\t\t\t<strong>Payment Options:<\/strong>:\t\t\t\t\t\t\t\t<\/div>\n\t\t\t\t<\/div>\n\t\t\t\t<div class=\"elementor-element elementor-element-14ca988 elementor-widget__width-initial elementor-widget elementor-widget-text-editor\" data-id=\"14ca988\" data-element_type=\"widget\" data-e-type=\"widget\" data-widget_type=\"text-editor.default\">\n\t\t\t\t<div class=\"elementor-widget-container\">\n\t\t\t\t\t\t\t\t\t<p class=\"p1\"><b>Payment Options:<\/b>:<\/p><p class=\"p1\">Bank transfer<\/p><p class=\"p1\"><b>Plata \u00een RON<\/b> se va face prin transfer bancar c\u0103tre:<\/p><p class=\"p1\"><b>CONSULTING PARTENER S.R.L. (DIMAS EVENTS)<\/b><\/p><p class=\"p1\">C.I.F.: RO 17399900<\/p><p class=\"p1\">Nr. Registrul Comer\u021bului: J 22\/ 832 \/ 2005<\/p><p class=\"p2\"><b>RON IBAN:<\/b><\/p><p class=\"p2\">&#8211; <b>RO79 RNCB 0175 0335 9784 0002<\/b> &#8211; BANCA COMERCIAL\u0102 ROM\u00c2N\u0102<\/p><p class=\"p2\">&#8211; <b>RO45 BTRL RONC RT0P C622 8701<\/b> &#8211; BANCA TRANSILVANIA<\/p><p class=\"p2\">&#8211; <b>RO15 INGB 0000 9999 0526 2309<\/b> &#8211; ING BANK<\/p><p class=\"p1\"><b>Plata \u00een EURO<\/b> se va face prin transfer bancar c\u0103tre:<\/p><p class=\"p1\"><b>CONSULTING PARTENER S.R.L. (DIMAS EVENTS)<\/b><\/p><p class=\"p1\">C.I.F.: RO 17399900<\/p><p class=\"p1\">Nr. Registrul Comer\u021bului: J 22\/ 832 \/ 2005<\/p><p class=\"p1\"><b>EUR IBAN:<\/b><\/p><p class=\"p1\">RO89 BTRL EURC RT0P C622 8701 <span class=\"s1\">&#8211; BANCA TRANSILVANIA<\/span><\/p>\t\t\t\t\t\t\t\t<\/div>\n\t\t\t\t<\/div>\n\t\t\t\t<div class=\"elementor-element elementor-element-9feaec2 elementor-widget__width-initial elementor-widget elementor-widget-text-editor\" data-id=\"9feaec2\" data-element_type=\"widget\" data-e-type=\"widget\" data-widget_type=\"text-editor.default\">\n\t\t\t\t<div class=\"elementor-widget-container\">\n\t\t\t\t\t\t\t\t\t<p class=\"p1\"><b>SWIFT CODE: BTRLRO22<\/b><\/p><p class=\"p1\">\u2022 V\u0103 rug\u0103m s\u0103 specifica\u021bi numele \u0219i prenumele participantului pentru care pl\u0103ti\u021bi precum \u0219i numele evenimentului (ex.: Nume, Prenume, Taxa de participare la CNN 2025).<\/p><p class=\"p1\">\u2022 Dupa efectuarea platii va rugam sa ne transmiteti o copie a ordinului de plata prin e- mail la adresa: office@dimas.com.ro<\/p><p class=\"p1\">\u2022 Valoarea Taxei de Participare este cea din momentul pl\u0103\u021bii, conform termenelor din tabelul TAXE<\/p><p class=\"p1\">\u2022 Pentru participan\u021bii care se \u00eenregistreaz\u0103 \u0219i pl\u0103tesc Taxa de Participare dup\u0103 data de 1 OCTOMBRIE 2025 nu putem garanta toate materialele CNN 2025.<\/p>\t\t\t\t\t\t\t\t<\/div>\n\t\t\t\t<\/div>\n\t\t\t\t\t<\/div>\n\t\t<\/div>\n\t\t\t\t<div class=\"elementor-column elementor-col-50 elementor-top-column elementor-element elementor-element-6343d32\" data-id=\"6343d32\" data-element_type=\"column\" data-e-type=\"column\">\n\t\t\t<div class=\"elementor-widget-wrap elementor-element-populated\">\n\t\t\t\t\t\t<div class=\"elementor-element elementor-element-01f325f elementor-widget elementor-widget-text-editor\" data-id=\"01f325f\" data-element_type=\"widget\" data-e-type=\"widget\" data-widget_type=\"text-editor.default\">\n\t\t\t\t<div class=\"elementor-widget-container\">\n\t\t\t\t\t\t\t\t\t<strong>Anulare participare<\/strong>:\t\t\t\t\t\t\t\t<\/div>\n\t\t\t\t<\/div>\n\t\t\t\t<div class=\"elementor-element elementor-element-cbe8748 elementor-widget elementor-widget-text-editor\" data-id=\"cbe8748\" data-element_type=\"widget\" data-e-type=\"widget\" data-widget_type=\"text-editor.default\">\n\t\t\t\t<div class=\"elementor-widget-container\">\n\t\t\t\t\t\t\t\t\t<p class=\"p1\">\u2022 Toate solicit\u0103rile de anulare a \u00eenregistr\u0103rii la sesiunile \u0219tiin\u021bifice ale CNN 2025, trebuie trimise electronic la adresa de e-mail: office@dimas.com.ro cu subiectul: ANULARE INREGISTRARE CNN 2025<\/p><p class=\"p1\">\u2022 Anul\u0103rile primite p\u00e2n\u0103 pe 20 SEPTEMBRIE 2025 (23:59 EET) \u2013 rambursare integral\u0103<\/p><p class=\"p1\">\u2022 Anul\u0103rile primite \u00een perioada 21 SEPTEMBRIE 2025 \u2013 01 OCTOMBRIE 2025 (23:59 EET) \u2013 50% vor fi rambursate<\/p><p class=\"p1\">\u2022 Anul\u0103rile primite \u00eencep\u00e2nd cu data de 2 OCTOMBRIE 2025 \u2013 nu se va face rambursare.<\/p>\t\t\t\t\t\t\t\t<\/div>\n\t\t\t\t<\/div>\n\t\t\t\t\t<\/div>\n\t\t<\/div>\n\t\t\t\t\t<\/div>\n\t\t<\/section>\n\t\t\t\t<\/div>","protected":false},"excerpt":{"rendered":"<p>Taxe \u00eenregistrare Dat\u0103 limit\u0103 \u00eenregistrare Early Bird: 15.08.2025.Bilet Early Bird\u00a0 (p\u00e2n\u0103 pe 15.08.2025)Medic (Primar, Specialist): 800 leiRezident: 300 leiStudent: gratuitNutri\u021bionist, Dietetician: 250 leiAsistent Medical, Bioinginer, Fizician Medical: 150 leiAlte categorii: 350 leiRegular(p\u00e2n\u0103 pe 15.09.2025)Medic (Primar, Specialist):1.000 leiRezident: 400 leiStudent: 150 leiNutri\u021bionist, Dietetician: 300 leiAsistent Medical, Bioinginer, Fizician Medical: 200 leiAlte categorii: 450 leiLate(dup\u0103 15.09.2025)Medic (Primar, [&hellip;]<\/p>","protected":false},"author":1,"featured_media":0,"parent":0,"menu_order":0,"comment_status":"closed","ping_status":"closed","template":"","meta":{"footnotes":""},"class_list":["post-532","page","type-page","status-publish","hentry"],"_links":{"self":[{"href":"https:\/\/cnncongres2025.neuroexcelenta.ro\/en\/wp-json\/wp\/v2\/pages\/532","targetHints":{"allow":["GET"]}}],"collection":[{"href":"https:\/\/cnncongres2025.neuroexcelenta.ro\/en\/wp-json\/wp\/v2\/pages"}],"about":[{"href":"https:\/\/cnncongres2025.neuroexcelenta.ro\/en\/wp-json\/wp\/v2\/types\/page"}],"author":[{"embeddable":true,"href":"https:\/\/cnncongres2025.neuroexcelenta.ro\/en\/wp-json\/wp\/v2\/users\/1"}],"replies":[{"embeddable":true,"href":"https:\/\/cnncongres2025.neuroexcelenta.ro\/en\/wp-json\/wp\/v2\/comments?post=532"}],"version-history":[{"count":239,"href":"https:\/\/cnncongres2025.neuroexcelenta.ro\/en\/wp-json\/wp\/v2\/pages\/532\/revisions"}],"predecessor-version":[{"id":4302,"href":"https:\/\/cnncongres2025.neuroexcelenta.ro\/en\/wp-json\/wp\/v2\/pages\/532\/revisions\/4302"}],"wp:attachment":[{"href":"https:\/\/cnncongres2025.neuroexcelenta.ro\/en\/wp-json\/wp\/v2\/media?parent=532"}],"curies":[{"name":"wp","href":"https:\/\/api.w.org\/{rel}","templated":true}]}}