{"id":2462,"date":"2023-06-24T16:34:07","date_gmt":"2023-06-24T16:34:07","guid":{"rendered":"https:\/\/cnncongres2023.neuroexcelenta.ro\/?page_id=2462"},"modified":"2025-08-11T13:26:51","modified_gmt":"2025-08-11T13:26:51","slug":"audienta","status":"publish","type":"page","link":"https:\/\/cnncongres2025.neuroexcelenta.ro\/en\/audienta\/","title":{"rendered":"Audience"},"content":{"rendered":"<div data-elementor-type=\"wp-page\" data-elementor-id=\"2462\" class=\"elementor elementor-2462\" data-elementor-post-type=\"page\">\n\t\t\t\t<div class=\"elementor-element elementor-element-65479ac e-flex e-con-boxed e-con e-parent\" data-id=\"65479ac\" data-element_type=\"container\" data-e-type=\"container\" data-settings=\"{&quot;background_background&quot;:&quot;classic&quot;}\">\n\t\t\t\t\t<div class=\"e-con-inner\">\n\t\t<div class=\"elementor-element elementor-element-0f3d4ed e-con-full e-flex e-con e-child\" data-id=\"0f3d4ed\" data-element_type=\"container\" data-e-type=\"container\">\n\t\t\t\t<div class=\"elementor-element elementor-element-502d541 elementor-widget elementor-widget-heading\" data-id=\"502d541\" data-element_type=\"widget\" data-e-type=\"widget\" data-widget_type=\"heading.default\">\n\t\t\t\t<div class=\"elementor-widget-container\">\n\t\t\t\t\t<h2 class=\"elementor-heading-title elementor-size-default\">Audience<\/h2>\t\t\t\t<\/div>\n\t\t\t\t<\/div>\n\t\t<div class=\"elementor-element elementor-element-6a4f445 e-con-full e-flex e-con e-child\" data-id=\"6a4f445\" data-element_type=\"container\" data-e-type=\"container\">\n\t\t<div class=\"elementor-element elementor-element-1305909 e-con-full e-flex e-con e-child\" data-id=\"1305909\" data-element_type=\"container\" data-e-type=\"container\">\n\t\t\t\t<div class=\"elementor-element elementor-element-b2eeb5d elementor-view-default elementor-widget elementor-widget-icon\" data-id=\"b2eeb5d\" data-element_type=\"widget\" data-e-type=\"widget\" data-widget_type=\"icon.default\">\n\t\t\t\t<div class=\"elementor-widget-container\">\n\t\t\t\t\t\t\t<div class=\"elementor-icon-wrapper\">\n\t\t\t<div class=\"elementor-icon\">\n\t\t\t<svg aria-hidden=\"true\" class=\"e-font-icon-svg e-far-arrow-alt-circle-down\" viewbox=\"0 0 512 512\" xmlns=\"http:\/\/www.w3.org\/2000\/svg\"><path d=\"M256 8C119 8 8 119 8 256s111 248 248 248 248-111 248-248S393 8 256 8zm0 448c-110.5 0-200-89.5-200-200S145.5 56 256 56s200 89.5 200 200-89.5 200-200 200zm-32-316v116h-67c-10.7 0-16 12.9-8.5 20.5l99 99c4.7 4.7 12.3 4.7 17 0l99-99c7.6-7.6 2.2-20.5-8.5-20.5h-67V140c0-6.6-5.4-12-12-12h-40c-6.6 0-12 5.4-12 12z\"><\/path><\/svg>\t\t\t<\/div>\n\t\t<\/div>\n\t\t\t\t\t\t<\/div>\n\t\t\t\t<\/div>\n\t\t\t\t<\/div>\n\t\t\t\t<\/div>\n\t\t\t\t<\/div>\n\t\t\t\t\t<\/div>\n\t\t\t\t<\/div>\n\t\t<div class=\"elementor-element elementor-element-135c024 e-flex e-con-boxed e-con e-parent\" data-id=\"135c024\" data-element_type=\"container\" data-e-type=\"container\">\n\t\t\t\t\t<div class=\"e-con-inner\">\n\t\t<div class=\"elementor-element elementor-element-085055f e-con-full e-flex e-con e-child\" data-id=\"085055f\" data-element_type=\"container\" data-e-type=\"container\" data-settings=\"{&quot;background_background&quot;:&quot;classic&quot;}\">\n\t\t\t\t<div class=\"elementor-element elementor-element-dfed943 elementor-view-default elementor-widget elementor-widget-icon\" data-id=\"dfed943\" data-element_type=\"widget\" data-e-type=\"widget\" data-widget_type=\"icon.default\">\n\t\t\t\t<div class=\"elementor-widget-container\">\n\t\t\t\t\t\t\t<div class=\"elementor-icon-wrapper\">\n\t\t\t<div class=\"elementor-icon\">\n\t\t\t<svg aria-hidden=\"true\" class=\"e-font-icon-svg e-fas-square-full\" viewbox=\"0 0 512 512\" xmlns=\"http:\/\/www.w3.org\/2000\/svg\"><path d=\"M512 512H0V0h512v512z\"><\/path><\/svg>\t\t\t<\/div>\n\t\t<\/div>\n\t\t\t\t\t\t<\/div>\n\t\t\t\t<\/div>\n\t\t\t\t<div class=\"elementor-element elementor-element-037c99a elementor-widget elementor-widget-text-editor\" data-id=\"037c99a\" data-element_type=\"widget\" data-e-type=\"widget\" data-widget_type=\"text-editor.default\">\n\t\t\t\t<div class=\"elementor-widget-container\">\n\t\t\t\t\t\t\t\t\tLucr\u0103rile celei de-a VII-a edi\u021bii a Congresului Na\u021bional de Neuro\u0219tiin\u021be Moderne din Rom\u00e2nia\nse adreseaz\u0103 unui public complex \u0219i divers, format din speciali\u0219ti implica\u021bi \u00een mod direct sau\nconex \u00een preven\u021bia, diagnosticul, tratamentul \u0219i cercetarea patologiilor neurologice \u0219i\nneurochirurgicale. Evenimentul are o orientare clar\u0103 multidisciplinar\u0103, promov\u00e2nd colaborarea\n\u00eentre domenii complementare \u00een beneficiul pacientului.\t\t\t\t\t\t\t\t<\/div>\n\t\t\t\t<\/div>\n\t\t\t\t<div class=\"elementor-element elementor-element-417e520 elementor-widget elementor-widget-text-editor\" data-id=\"417e520\" data-element_type=\"widget\" data-e-type=\"widget\" data-widget_type=\"text-editor.default\">\n\t\t\t\t<div class=\"elementor-widget-container\">\n\t\t\t\t\t\t\t\t\t<p class=\"p1\"><b><i>1. Medici speciali\u0219ti \u0219i primari implica\u021bi direct \u00een diagnostic \u0219i tratament:<\/i><\/b><\/p><p class=\"p2\"><span class=\"s1\">\u2022<\/span> <b>Neurochirurgi<\/b> \u2013 specializa\u021bi \u00een interven\u021bii de \u00eenalt\u0103 complexitate \u0219i \u00een utilizarea tehnologiilor avansate;<\/p><p class=\"p2\"><span class=\"s1\">\u2022<\/span> <b>Neurologi<\/b> \u2013 implica\u021bi \u00een abordarea clinic\u0103 a bolilor sistemului nervos central \u0219i periferic;<\/p><p class=\"p2\"><span class=\"s1\">\u2022<\/span> <b>Psihiatri<\/b> \u2013 preocupa\u021bi de intersec\u021bia dintre neurologie \u0219i s\u0103n\u0103tatea mintal\u0103;<\/p><p class=\"p2\"><span class=\"s1\">\u2022<\/span> <b>Medici de medicin\u0103 fizic\u0103 \u0219i recuperare<\/b> \u2013 responsabili de reabilitarea post-AVC, TCC \u0219i alte afec\u021biuni neurologice;<\/p><p class=\"p2\"><span class=\"s1\">\u2022<\/span> <b>Radiologi<\/b>\u2013 exper\u021bi \u00een neuroimagistic\u0103 func\u021bional\u0103 \u0219i structural\u0103 (IRM, CT, PET-CT);<\/p><p class=\"p2\"><span class=\"s1\">\u2022<\/span> <b>Anestezi\u0219ti-ATI<\/b> \u2013 implica\u021bi \u00een managementul pacien\u021bilor critici sau neurochirurgicali.<\/p>\t\t\t\t\t\t\t\t<\/div>\n\t\t\t\t<\/div>\n\t\t\t\t<div class=\"elementor-element elementor-element-55f6fe8 elementor-widget elementor-widget-text-editor\" data-id=\"55f6fe8\" data-element_type=\"widget\" data-e-type=\"widget\" data-widget_type=\"text-editor.default\">\n\t\t\t\t<div class=\"elementor-widget-container\">\n\t\t\t\t\t\t\t\t\t<p class=\"p1\"><b><i>2. Medici din specialit\u0103\u021bi conexe relevante pentru abordarea integrat\u0103 a pacientului <\/i><\/b><b><i>neurologic:<\/i><\/b><\/p><p class=\"p2\"><span class=\"s1\">\u2022<\/span> <b>Medici de familie \u0219i interni\u0219ti<\/b> \u2013 care coordoneaz\u0103 \u00eengrijirea continu\u0103 a pacien\u021bilor cu boli neurologice cronice;<\/p><p class=\"p2\"><span class=\"s1\">\u2022<\/span> <b>Oftalmologi<\/b> \u2013 implica\u021bi \u00een evaluarea manifest\u0103rilor neurooftalmologice;<\/p><p class=\"p2\"><span class=\"s1\">\u2022<\/span> <b>Endocrinologi, reumatologi, cardiologi \u0219i geriatri<\/b> \u2013 preocupa\u021bi de comorbidit\u0103\u021bile sistemice asociate afec\u021biunilor neurologice;<\/p><p class=\"p2\"><span class=\"s1\">\u2022<\/span> <b>Medici de boli infec\u021bioase<\/b> \u2013 implica\u021bi \u00een diagnosticul \u0219i tratamentul patologiilor neurologice cu etiologie infec\u021bioas\u0103 (meningite, encefalite, neuro-COVID, etc.).<\/p>\t\t\t\t\t\t\t\t<\/div>\n\t\t\t\t<\/div>\n\t\t\t\t<div class=\"elementor-element elementor-element-4677d45 elementor-widget elementor-widget-text-editor\" data-id=\"4677d45\" data-element_type=\"widget\" data-e-type=\"widget\" data-widget_type=\"text-editor.default\">\n\t\t\t\t<div class=\"elementor-widget-container\">\n\t\t\t\t\t\t\t\t\t<p class=\"p1\"><b><i>3. Profesioni\u0219ti \u00een formare \u0219i \u00een cercetare:<\/i><\/b><\/p><p class=\"p2\"><span class=\"s1\">\u2022<\/span> <b>Medici reziden\u021bi \u0219i tineri speciali\u0219ti<\/b> \u2013 din toate specialit\u0103\u021bile medicale men\u021bionate, interesa\u021bi de formare continu\u0103;<\/p><p class=\"p2\"><span class=\"s1\">\u2022<\/span> <b>Cercet\u0103tori \u00een neuro\u0219tiin\u021be<\/b> \u2013 implica\u021bi \u00een dezvoltarea de noi terapii \u0219i tehnologii;<\/p><p class=\"p2\"><span class=\"s1\">\u2022<\/span> <b>Cadre universitare<\/b> \u2013 dedicate form\u0103rii genera\u021biilor viitoare de profesioni\u0219ti.<\/p>\t\t\t\t\t\t\t\t<\/div>\n\t\t\t\t<\/div>\n\t\t\t\t<div class=\"elementor-element elementor-element-613db45 elementor-widget elementor-widget-text-editor\" data-id=\"613db45\" data-element_type=\"widget\" data-e-type=\"widget\" data-widget_type=\"text-editor.default\">\n\t\t\t\t<div class=\"elementor-widget-container\">\n\t\t\t\t\t\t\t\t\t<p class=\"p1\"><b><i>4. Alte categorii profesionale implicate \u00een \u00eengrijirea pacientului neurologic:<\/i><\/b><\/p><p class=\"p2\"><span class=\"s1\">\u2022<\/span> <b>Psihologi clinicieni \u0219i psihoterapeu\u021bi<\/b> \u2013 care contribuie la evaluarea neurocognitiv\u0103 \u0219i sprijinul psihologic;<\/p><p class=\"p2\"><span class=\"s1\">\u2022<\/span> <b>Kinetoterapeu\u021bi, logopezi, ergoterapeu\u021bi<\/b> \u2013 esen\u021biali \u00een recuperarea func\u021bional\u0103 a pacien\u021bilor;<\/p><p class=\"p2\"><span class=\"s1\">\u2022<\/span> <b>Nutri\u021bioni\u0219ti, dieteticieni \u0219i speciali\u0219ti \u00een boli de metabolism<\/b> \u2013 implica\u021bi \u00een<\/p><p class=\"p2\">managementul nutri\u021bional personalizat \u0219i prevenirea complica\u021biilor metabolice asociate<\/p><p class=\"p2\">bolilor neurologice;<\/p><p class=\"p2\"><span class=\"s1\">\u2022<\/span> <b>Asisten\u021bi medicali<\/b> \u2013 care asigur\u0103 \u00eengrijirea continu\u0103, suportul emo\u021bional \u0219i implicarea<\/p><p class=\"p2\">activ\u0103 \u00een echipele multidisciplinare.<\/p>\t\t\t\t\t\t\t\t<\/div>\n\t\t\t\t<\/div>\n\t\t\t\t<div class=\"elementor-element elementor-element-a8b5aeb elementor-widget elementor-widget-text-editor\" data-id=\"a8b5aeb\" data-element_type=\"widget\" data-e-type=\"widget\" data-widget_type=\"text-editor.default\">\n\t\t\t\t<div class=\"elementor-widget-container\">\n\t\t\t\t\t\t\t\t\t<p class=\"p1\"><b><i>5. Reprezentan\u021bi ai industriei farmaceutice \u0219i de tehnologie medical\u0103:<\/i><\/b><\/p><p class=\"p2\"><span class=\"s1\">\u2022<\/span> <b>Companii farmaceutice \u0219i produc\u0103tori de echipamente medicale<\/b> \u2013 interesa\u021bi de sus\u021binerea cercet\u0103rii aplicate \u0219i a educa\u021biei medicale continue;<\/p><p class=\"p2\"><span class=\"s1\">\u2022<\/span> <b>Dezvoltatori de tehnologii digitale, robotic\u0103 medical\u0103, inteligen\u021b\u0103 artificial\u0103 \u0219i <\/b><b>solu\u021bii de telemedicin\u0103<\/b> \u2013 alinia\u021bi cu viitorul neuro\u0219tiin\u021belor moderne.<\/p>\t\t\t\t\t\t\t\t<\/div>\n\t\t\t\t<\/div>\n\t\t\t\t<\/div>\n\t\t\t\t\t<\/div>\n\t\t\t\t<\/div>\n\t\t\t\t<\/div>","protected":false},"excerpt":{"rendered":"<p>Audien\u021b\u0103 Lucr\u0103rile celei de-a VII-a edi\u021bii a Congresului Na\u021bional de Neuro\u0219tiin\u021be Moderne din Rom\u00e2nia se adreseaz\u0103 unui public complex \u0219i divers, format din speciali\u0219ti implica\u021bi \u00een mod direct sau conex \u00een preven\u021bia, diagnosticul, tratamentul \u0219i cercetarea patologiilor neurologice \u0219i neurochirurgicale. Evenimentul are o orientare clar\u0103 multidisciplinar\u0103, promov\u00e2nd colaborarea \u00eentre domenii complementare \u00een beneficiul pacientului. 1. [&hellip;]<\/p>","protected":false},"author":1,"featured_media":0,"parent":0,"menu_order":0,"comment_status":"closed","ping_status":"closed","template":"","meta":{"footnotes":""},"class_list":["post-2462","page","type-page","status-publish","hentry"],"_links":{"self":[{"href":"https:\/\/cnncongres2025.neuroexcelenta.ro\/en\/wp-json\/wp\/v2\/pages\/2462","targetHints":{"allow":["GET"]}}],"collection":[{"href":"https:\/\/cnncongres2025.neuroexcelenta.ro\/en\/wp-json\/wp\/v2\/pages"}],"about":[{"href":"https:\/\/cnncongres2025.neuroexcelenta.ro\/en\/wp-json\/wp\/v2\/types\/page"}],"author":[{"embeddable":true,"href":"https:\/\/cnncongres2025.neuroexcelenta.ro\/en\/wp-json\/wp\/v2\/users\/1"}],"replies":[{"embeddable":true,"href":"https:\/\/cnncongres2025.neuroexcelenta.ro\/en\/wp-json\/wp\/v2\/comments?post=2462"}],"version-history":[{"count":37,"href":"https:\/\/cnncongres2025.neuroexcelenta.ro\/en\/wp-json\/wp\/v2\/pages\/2462\/revisions"}],"predecessor-version":[{"id":4375,"href":"https:\/\/cnncongres2025.neuroexcelenta.ro\/en\/wp-json\/wp\/v2\/pages\/2462\/revisions\/4375"}],"wp:attachment":[{"href":"https:\/\/cnncongres2025.neuroexcelenta.ro\/en\/wp-json\/wp\/v2\/media?parent=2462"}],"curies":[{"name":"wp","href":"https:\/\/api.w.org\/{rel}","templated":true}]}}